{"id":746,"date":"2025-12-30T07:37:47","date_gmt":"2025-12-30T07:37:47","guid":{"rendered":"https:\/\/xflsrmolding.com\/?page_id=746"},"modified":"2026-01-23T03:20:36","modified_gmt":"2026-01-23T03:20:36","slug":"contacto","status":"publish","type":"page","link":"https:\/\/xflsrmolding.com\/pt\/contacto\/","title":{"rendered":"Contacto"},"content":{"rendered":"<div data-elementor-type=\"wp-page\" data-elementor-id=\"746\" class=\"elementor elementor-746\" data-elementor-post-type=\"page\">\n\t\t\t\t<div class=\"elementor-element elementor-element-3b98fc8 e-flex e-con-boxed e-con e-parent\" data-id=\"3b98fc8\" data-element_type=\"container\">\n\t\t\t\t\t<div class=\"e-con-inner\">\n\t\t\t\t<div class=\"elementor-element elementor-element-660a6779 elementor-widget elementor-widget-heading\" data-id=\"660a6779\" data-element_type=\"widget\" data-widget_type=\"heading.default\">\n\t\t\t\t\t<h1 class=\"elementor-heading-title elementor-size-default\">Contactar-nos<\/h1>\t\t\t\t<\/div>\n\t\t\t\t<div class=\"elementor-element elementor-element-52471bec elementor-icon-list--layout-inline elementor-align-center elementor-list-item-link-full_width elementor-widget elementor-widget-icon-list\" data-id=\"52471bec\" data-element_type=\"widget\" data-widget_type=\"icon-list.default\">\n\t\t\t\t\t\t\t<ul class=\"elementor-icon-list-items elementor-inline-items\">\n\t\t\t\t\t\t\t<li class=\"elementor-icon-list-item elementor-inline-item\">\n\t\t\t\t\t\t\t\t\t\t\t<a href=\"https:\/\/xflsrmolding.com\/pt\">\n\n\t\t\t\t\t\t\t\t\t\t\t<span class=\"elementor-icon-list-text\">In\u00edcio<\/span>\n\t\t\t\t\t\t\t\t\t\t\t<\/a>\n\t\t\t\t\t\t\t\t\t<\/li>\n\t\t\t\t\t\t\t\t<li class=\"elementor-icon-list-item elementor-inline-item\">\n\t\t\t\t\t\t\t\t\t\t\t<span class=\"elementor-icon-list-icon\">\n\t\t\t\t\t\t\t<svg aria-hidden=\"true\" class=\"e-font-icon-svg e-fas-chevron-right\" viewbox=\"0 0 320 512\" xmlns=\"http:\/\/www.w3.org\/2000\/svg\"><path d=\"M285.476 272.971L91.132 467.314c-9.373 9.373-24.569 9.373-33.941 0l-22.667-22.667c-9.357-9.357-9.375-24.522-.04-33.901L188.505 256 34.484 101.255c-9.335-9.379-9.317-24.544.04-33.901l22.667-22.667c9.373-9.373 24.569-9.373 33.941 0L285.475 239.03c9.373 9.372 9.373 24.568.001 33.941z\"><\/path><\/svg>\t\t\t\t\t\t<\/span>\n\t\t\t\t\t\t\t\t\t\t<span class=\"elementor-icon-list-text\">Contactar-nos<\/span>\n\t\t\t\t\t\t\t\t\t<\/li>\n\t\t\t\t\t\t<\/ul>\n\t\t\t\t\t\t<\/div>\n\t\t\t\t\t<\/div>\n\t\t\t\t<\/div>\n\t\t<div class=\"elementor-element elementor-element-6a9474dd e-con-full elementor-hidden-tablet elementor-hidden-mobile e-flex e-con e-parent\" data-id=\"6a9474dd\" data-element_type=\"container\" data-settings=\"{&quot;background_background&quot;:&quot;classic&quot;}\">\n\t\t<div class=\"elementor-element elementor-element-6c05f6ca e-con-full e-flex e-con e-child\" data-id=\"6c05f6ca\" data-element_type=\"container\" data-settings=\"{&quot;background_background&quot;:&quot;gradient&quot;}\">\n\t\t<div class=\"elementor-element elementor-element-5606e434 e-flex e-con-boxed e-con e-child\" data-id=\"5606e434\" data-element_type=\"container\">\n\t\t\t\t\t<div class=\"e-con-inner\">\n\t\t<div class=\"elementor-element elementor-element-4e6f48ee e-con-full e-flex e-con e-child\" data-id=\"4e6f48ee\" data-element_type=\"container\">\n\t\t\t\t<div class=\"elementor-element elementor-element-7e1d1852 elementor-widget elementor-widget-heading\" data-id=\"7e1d1852\" data-element_type=\"widget\" data-widget_type=\"heading.default\">\n\t\t\t\t\t<h1 class=\"elementor-heading-title elementor-size-default\">XFLSRMOLDING Co., Ltd<\/h1>\t\t\t\t<\/div>\n\t\t\t\t<\/div>\n\t\t<div class=\"elementor-element elementor-element-6ecf1ebb e-con-full e-flex e-con e-child\" data-id=\"6ecf1ebb\" data-element_type=\"container\">\n\t\t\t\t<div class=\"elementor-element elementor-element-11c9c65a elementor-widget__width-initial elementor-widget-mobile__width-inherit elementor-widget elementor-widget-text-editor\" data-id=\"11c9c65a\" data-element_type=\"widget\" data-widget_type=\"text-editor.default\">\n\t\t\t\t\t\t\t\t\t<p>Mais de 20 anos de experi\u00eancia na conce\u00e7\u00e3o e fabrico de moldes de silicone l\u00edquido<br \/>Equipamento de produ\u00e7\u00e3o avan\u00e7ado, materiais de alta qualidade, uma equipa profissional e uma gest\u00e3o rigorosa da qualidade<\/p>\t\t\t\t\t\t\t\t<\/div>\n\t\t<div class=\"elementor-element elementor-element-4e38a92b e-con-full e-flex e-con e-child\" data-id=\"4e38a92b\" data-element_type=\"container\">\n\t\t\t\t<div class=\"elementor-element elementor-element-40e4f2b2 elementor-align-left elementor-icon-list--layout-traditional elementor-list-item-link-full_width elementor-widget elementor-widget-icon-list\" data-id=\"40e4f2b2\" data-element_type=\"widget\" data-widget_type=\"icon-list.default\">\n\t\t\t\t\t\t\t<ul class=\"elementor-icon-list-items\">\n\t\t\t\t\t\t\t<li class=\"elementor-icon-list-item\">\n\t\t\t\t\t\t\t\t\t\t<span class=\"elementor-icon-list-text\"><b>Endere\u00e7o:<\/b> No. 3, 1st Industrial Area, Youyi Road, Tianxin Community, Qiaotou Town, Dongguan, Guangdong, China<\/span>\n\t\t\t\t\t\t\t\t\t<\/li>\n\t\t\t\t\t\t\t\t<li class=\"elementor-icon-list-item\">\n\t\t\t\t\t\t\t\t\t\t\t<a href=\"https:\/\/api.whatsapp.com\/send?phone=8613392392516\">\n\n\t\t\t\t\t\t\t\t\t\t\t<span class=\"elementor-icon-list-text\"><b>Telefone:<\/b> 0086-188-1364-6261<\/span>\n\t\t\t\t\t\t\t\t\t\t\t<\/a>\n\t\t\t\t\t\t\t\t\t<\/li>\n\t\t\t\t\t\t\t\t<li class=\"elementor-icon-list-item\">\n\t\t\t\t\t\t\t\t\t\t\t<a href=\"mailto:info@xflsrmolding.com\" target=\"_blank\" info=\"\">\n\n\t\t\t\t\t\t\t\t\t\t\t<span class=\"elementor-icon-list-text\"><b>Correio eletr\u00f3nico:<\/b> info@xflsrmolding.com<\/span>\n\t\t\t\t\t\t\t\t\t\t\t<\/a>\n\t\t\t\t\t\t\t\t\t<\/li>\n\t\t\t\t\t\t\t\t<li class=\"elementor-icon-list-item\">\n\t\t\t\t\t\t\t\t\t\t\t<a href=\"https:\/\/api.whatsapp.com\/send?phone=8613392392516\">\n\n\t\t\t\t\t\t\t\t\t\t\t<span class=\"elementor-icon-list-text\"><b>Whatsapp:<\/b>  WA Me<\/span>\n\t\t\t\t\t\t\t\t\t\t\t<\/a>\n\t\t\t\t\t\t\t\t\t<\/li>\n\t\t\t\t\t\t<\/ul>\n\t\t\t\t\t\t<\/div>\n\t\t\t\t<\/div>\n\t\t\t\t<\/div>\n\t\t\t\t\t<\/div>\n\t\t\t\t<\/div>\n\t\t<div class=\"elementor-element elementor-element-a214830 e-flex e-con-boxed e-con e-child\" data-id=\"a214830\" data-element_type=\"container\" data-settings=\"{&quot;background_background&quot;:&quot;classic&quot;}\">\n\t\t\t\t\t<div class=\"e-con-inner\">\n\t\t\t\t<div class=\"elementor-element elementor-element-445492c6 elementor-button-align-stretch elementor-widget elementor-widget-form\" data-id=\"445492c6\" data-element_type=\"widget\" data-settings=\"{&quot;step_next_label&quot;:&quot;Next&quot;,&quot;step_previous_label&quot;:&quot;Previous&quot;,&quot;button_width&quot;:&quot;100&quot;,&quot;step_type&quot;:&quot;number_text&quot;,&quot;step_icon_shape&quot;:&quot;circle&quot;}\" data-widget_type=\"form.default\">\n\t\t\t\t<div class=\"elementor-widget-container\">\n\t\t\t\t\t\t\t<form class=\"elementor-form\" method=\"post\" name=\"New Form\" action=\"\">\n\t\t\t<input type=\"hidden\" name=\"post_id\" value=\"746\"\/>\n\t\t\t<input type=\"hidden\" name=\"form_id\" value=\"445492c6\"\/>\n\t\t\t<input type=\"hidden\" name=\"referer_title\" value=\"xflsrmolding.com\" \/>\n\n\t\t\t\n\t\t\t<div class=\"elementor-form-fields-wrapper elementor-labels-\">\n\t\t\t\t\t\t\t\t<div class=\"elementor-field-type-text elementor-field-group elementor-column elementor-field-group-name elementor-col-100 elementor-field-required\">\n\t\t\t\t\t\t\t\t\t\t\t\t<label for=\"form-field-name\" class=\"elementor-field-label elementor-screen-only\">\n\t\t\t\t\t\t\t\tNome*\t\t\t\t\t\t\t<\/label>\n\t\t\t\t\t\t\t\t\t\t\t\t\t\t<input size=\"1\" type=\"text\" name=\"form_fields[name]\" id=\"form-field-name\" class=\"elementor-field elementor-size-sm  elementor-field-textual\" placeholder=\"Nome*\" required=\"required\" aria-required=\"true\">\n\t\t\t\t\t\t\t\t\t\t\t<\/div>\n\t\t\t\t\t\t\t\t<div class=\"elementor-field-type-email elementor-field-group elementor-column elementor-field-group-email elementor-col-100 elementor-field-required\">\n\t\t\t\t\t\t\t\t\t\t\t\t<label for=\"form-field-email\" class=\"elementor-field-label elementor-screen-only\">\n\t\t\t\t\t\t\t\tCorreio eletr\u00f3nico*\t\t\t\t\t\t\t<\/label>\n\t\t\t\t\t\t\t\t\t\t\t\t\t\t<input size=\"1\" type=\"email\" name=\"form_fields[email]\" id=\"form-field-email\" class=\"elementor-field elementor-size-sm  elementor-field-textual\" placeholder=\"Correio eletr\u00f3nico*\" required=\"required\" aria-required=\"true\">\n\t\t\t\t\t\t\t\t\t\t\t<\/div>\n\t\t\t\t\t\t\t\t<div class=\"elementor-field-type-tel elementor-field-group elementor-column elementor-field-group-field_b9ea42c elementor-col-100\">\n\t\t\t\t\t\t\t\t\t\t\t\t<label for=\"form-field-field_b9ea42c\" class=\"elementor-field-label elementor-screen-only\">\n\t\t\t\t\t\t\t\tTelefone\t\t\t\t\t\t\t<\/label>\n\t\t\t\t\t\t\t\t<input size=\"1\" type=\"tel\" name=\"form_fields[field_b9ea42c]\" id=\"form-field-field_b9ea42c\" class=\"elementor-field elementor-size-sm  elementor-field-textual\" placeholder=\"Telefone\" pattern=\"[0-9()#&amp;+*-=.]+\" title=\"Only numbers and phone characters (#, -, *, etc) are accepted.\">\n\n\t\t\t\t\t\t<\/div>\n\t\t\t\t\t\t\t\t<div class=\"elementor-field-type-text elementor-field-group elementor-column elementor-field-group-field_b97e8bd elementor-col-100\">\n\t\t\t\t\t\t\t\t\t\t\t\t<label for=\"form-field-field_b97e8bd\" class=\"elementor-field-label elementor-screen-only\">\n\t\t\t\t\t\t\t\tNome da empresa\t\t\t\t\t\t\t<\/label>\n\t\t\t\t\t\t\t\t\t\t\t\t\t\t<input size=\"1\" type=\"text\" name=\"form_fields[field_b97e8bd]\" id=\"form-field-field_b97e8bd\" class=\"elementor-field elementor-size-sm  elementor-field-textual\" placeholder=\"Nome da empresa\">\n\t\t\t\t\t\t\t\t\t\t\t<\/div>\n\t\t\t\t\t\t\t\t<div class=\"elementor-field-type-textarea elementor-field-group elementor-column elementor-field-group-message elementor-col-100 elementor-field-required\">\n\t\t\t\t\t\t\t\t\t\t\t\t<label for=\"form-field-message\" class=\"elementor-field-label elementor-screen-only\">\n\t\t\t\t\t\t\t\tQual \u00e9 o seu pedido?\t\t\t\t\t\t\t<\/label>\n\t\t\t\t\t\t<textarea class=\"elementor-field-textual elementor-field  elementor-size-sm\" name=\"form_fields[message]\" id=\"form-field-message\" rows=\"4\" placeholder=\"Qual \u00e9 o seu pedido?\" required=\"required\" aria-required=\"true\"><\/textarea>\t\t\t\t<\/div>\n\t\t\t\t\t\t\t\t<div class=\"elementor-field-type-upload elementor-field-group elementor-column elementor-field-group-field_9ffed1a elementor-col-100\">\n\t\t\t\t\t\t\t\t\t\t\t\t<label for=\"form-field-field_9ffed1a\" class=\"elementor-field-label elementor-screen-only\">\n\t\t\t\t\t\t\t\tCarregamento de ficheiros\t\t\t\t\t\t\t<\/label>\n\t\t\t\t\t\t\t\t<input type=\"file\" name=\"form_fields[field_9ffed1a]\" id=\"form-field-field_9ffed1a\" class=\"elementor-field elementor-size-sm  elementor-upload-field\">\n\n\t\t\t\t\t\t<\/div>\n\t\t\t\t\t\t\t\t<div class=\"elementor-field-group elementor-column elementor-field-type-submit elementor-col-100 e-form__buttons\">\n\t\t\t\t\t<button type=\"submit\" class=\"elementor-button elementor-size-sm\">\n\t\t\t\t\t\t<span >\n\t\t\t\t\t\t\t\t\t\t\t\t\t\t\t<span class=\"elementor-button-icon\">\n\t\t\t\t\t\t\t\t\t\t\t\t\t\t\t\t\t\t\t\t\t\t\t\t\t\t<\/span>\n\t\t\t\t\t\t\t\t\t\t\t\t\t\t\t\t\t\t\t\t\t\t<span class=\"elementor-button-text\">Come\u00e7ar agora<\/span>\n\t\t\t\t\t\t\t\t\t\t\t\t\t<\/span>\n\t\t\t\t\t<\/button>\n\t\t\t\t<\/div>\n\t\t\t<\/div>\n\t\t<input type=\"hidden\" name=\"trp-form-language\" value=\"pt\"\/><\/form>\n\t\t\t\t\t\t<\/div>\n\t\t\t\t<\/div>\n\t\t<div class=\"elementor-element elementor-element-11ad6914 e-con-full e-flex e-con e-child\" data-id=\"11ad6914\" data-element_type=\"container\">\n\t\t\t\t<\/div>\n\t\t\t\t\t<\/div>\n\t\t\t\t<\/div>\n\t\t\t\t<\/div>\n\t\t\t\t<\/div>\n\t\t\t\t<\/div>","protected":false},"excerpt":{"rendered":"<p>Contacte-nos In\u00edcio Contacte-nos XFLSRMOLDING Co., Ltd Mais de 20 anos de experi\u00eancia na conce\u00e7\u00e3o e fabrico de moldes de silicone l\u00edquidoEquipamento de produ\u00e7\u00e3o avan\u00e7ado, materiais de alta qualidade, uma equipa profissional e uma gest\u00e3o de qualidade rigorosa Endere\u00e7o: No. 3, 1st Industrial Area, Youyi Road, Tianxin Community, Qiaotou Town, Dongguan, Guangdong, China Phone: 0086-188-1364-6261 Email: info@xflsrmolding.com Whatsapp: WA Me<\/p>","protected":false},"author":1,"featured_media":629,"parent":0,"menu_order":0,"comment_status":"closed","ping_status":"closed","template":"","meta":{"_uag_custom_page_level_css":"","footnotes":""},"class_list":["post-746","page","type-page","status-publish","has-post-thumbnail","hentry"],"yoast_head":"<!-- This site is optimized with the Yoast SEO Premium plugin v24.0 (Yoast SEO v24.0) - https:\/\/yoast.com\/wordpress\/plugins\/seo\/ -->\n<title>Contact - xflsrmolding.com<\/title>\n<meta name=\"robots\" content=\"index, follow, max-snippet:-1, max-image-preview:large, max-video-preview:-1\" \/>\n<link rel=\"canonical\" href=\"https:\/\/xflsrmolding.com\/pt\/contacto\/\" \/>\n<meta property=\"og:locale\" content=\"pt_PT\" \/>\n<meta property=\"og:type\" content=\"article\" \/>\n<meta property=\"og:title\" content=\"Contact\" \/>\n<meta property=\"og:description\" content=\"Contact US Home Contact US XFLSRMOLDING Co., Ltd Over 20 years of experience in liquid silicone mold design and manufacturingAdvanced production equipment, high-quality materials, a professional team, and strict quality management Address: No. 3, 1st Industrial Area, Youyi Road, Tianxin Community, Qiaotou Town, Dongguan, Guangdong, China Phone: 0086-188-1364-6261 Email: info@xflsrmolding.com Whatsapp: WA Me\" \/>\n<meta property=\"og:url\" content=\"https:\/\/xflsrmolding.com\/pt\/contacto\/\" \/>\n<meta property=\"og:site_name\" content=\"xflsrmolding.com\" \/>\n<meta property=\"article:modified_time\" content=\"2026-01-23T03:20:36+00:00\" \/>\n<meta property=\"og:image\" content=\"http:\/\/xflsrmolding.com\/wp-content\/uploads\/2025\/12\/under-cuts.jpg\" \/>\n\t<meta property=\"og:image:width\" content=\"1080\" \/>\n\t<meta property=\"og:image:height\" content=\"607\" \/>\n\t<meta property=\"og:image:type\" content=\"image\/jpeg\" \/>\n<meta name=\"twitter:card\" content=\"summary_large_image\" \/>\n<meta name=\"twitter:label1\" content=\"Tempo estimado de leitura\" \/>\n\t<meta name=\"twitter:data1\" content=\"1 minuto\" \/>\n<script type=\"application\/ld+json\" class=\"yoast-schema-graph\">{\"@context\":\"https:\/\/schema.org\",\"@graph\":[{\"@type\":\"WebPage\",\"@id\":\"https:\/\/xflsrmolding.com\/contact\/\",\"url\":\"https:\/\/xflsrmolding.com\/contact\/\",\"name\":\"Contact - xflsrmolding.com\",\"isPartOf\":{\"@id\":\"https:\/\/xflsrmolding.com\/#website\"},\"primaryImageOfPage\":{\"@id\":\"https:\/\/xflsrmolding.com\/contact\/#primaryimage\"},\"image\":{\"@id\":\"https:\/\/xflsrmolding.com\/contact\/#primaryimage\"},\"thumbnailUrl\":\"https:\/\/xflsrmolding.com\/wp-content\/uploads\/2025\/12\/under-cuts.jpg\",\"datePublished\":\"2025-12-30T07:37:47+00:00\",\"dateModified\":\"2026-01-23T03:20:36+00:00\",\"breadcrumb\":{\"@id\":\"https:\/\/xflsrmolding.com\/contact\/#breadcrumb\"},\"inLanguage\":\"pt-PT\",\"potentialAction\":[{\"@type\":\"ReadAction\",\"target\":[\"https:\/\/xflsrmolding.com\/contact\/\"]}]},{\"@type\":\"ImageObject\",\"inLanguage\":\"pt-PT\",\"@id\":\"https:\/\/xflsrmolding.com\/contact\/#primaryimage\",\"url\":\"https:\/\/xflsrmolding.com\/wp-content\/uploads\/2025\/12\/under-cuts.jpg\",\"contentUrl\":\"https:\/\/xflsrmolding.com\/wp-content\/uploads\/2025\/12\/under-cuts.jpg\",\"width\":1080,\"height\":607,\"caption\":\"Bellows & Undercut Components\"},{\"@type\":\"BreadcrumbList\",\"@id\":\"https:\/\/xflsrmolding.com\/contact\/#breadcrumb\",\"itemListElement\":[{\"@type\":\"ListItem\",\"position\":1,\"name\":\"Home\",\"item\":\"https:\/\/xflsrmolding.com\/\"},{\"@type\":\"ListItem\",\"position\":2,\"name\":\"Contact\"}]},{\"@type\":\"WebSite\",\"@id\":\"https:\/\/xflsrmolding.com\/#website\",\"url\":\"https:\/\/xflsrmolding.com\/\",\"name\":\"xflsrmolding.com\",\"description\":\"XUFU-professional liquid silicone rubber injection molding company\",\"publisher\":{\"@id\":\"https:\/\/xflsrmolding.com\/#organization\"},\"potentialAction\":[{\"@type\":\"SearchAction\",\"target\":{\"@type\":\"EntryPoint\",\"urlTemplate\":\"https:\/\/xflsrmolding.com\/?s={search_term_string}\"},\"query-input\":{\"@type\":\"PropertyValueSpecification\",\"valueRequired\":true,\"valueName\":\"search_term_string\"}}],\"inLanguage\":\"pt-PT\"},{\"@type\":\"Organization\",\"@id\":\"https:\/\/xflsrmolding.com\/#organization\",\"name\":\"xflsrmolding.com\",\"url\":\"https:\/\/xflsrmolding.com\/\",\"logo\":{\"@type\":\"ImageObject\",\"inLanguage\":\"pt-PT\",\"@id\":\"https:\/\/xflsrmolding.com\/#\/schema\/logo\/image\/\",\"url\":\"https:\/\/xflsrmolding.com\/wp-content\/uploads\/2025\/10\/\u5fae\u4fe1\u56fe\u7247_20251124161023.png\",\"contentUrl\":\"https:\/\/xflsrmolding.com\/wp-content\/uploads\/2025\/10\/\u5fae\u4fe1\u56fe\u7247_20251124161023.png\",\"width\":1328,\"height\":1328,\"caption\":\"xflsrmolding.com\"},\"image\":{\"@id\":\"https:\/\/xflsrmolding.com\/#\/schema\/logo\/image\/\"}}]}<\/script>\n<!-- \/ Yoast SEO Premium plugin. -->","yoast_head_json":{"title":"Contacto - xflsrmolding.com","robots":{"index":"index","follow":"follow","max-snippet":"max-snippet:-1","max-image-preview":"max-image-preview:large","max-video-preview":"max-video-preview:-1"},"canonical":"https:\/\/xflsrmolding.com\/pt\/contacto\/","og_locale":"pt_PT","og_type":"article","og_title":"Contact","og_description":"Contact US Home Contact US XFLSRMOLDING Co., Ltd Over 20 years of experience in liquid silicone mold design and manufacturingAdvanced production equipment, high-quality materials, a professional team, and strict quality management Address: No. 3, 1st Industrial Area, Youyi Road, Tianxin Community, Qiaotou Town, Dongguan, Guangdong, China Phone: 0086-188-1364-6261 Email: info@xflsrmolding.com Whatsapp: WA Me","og_url":"https:\/\/xflsrmolding.com\/pt\/contacto\/","og_site_name":"xflsrmolding.com","article_modified_time":"2026-01-23T03:20:36+00:00","og_image":[{"width":1080,"height":607,"url":"http:\/\/xflsrmolding.com\/wp-content\/uploads\/2025\/12\/under-cuts.jpg","type":"image\/jpeg"}],"twitter_card":"summary_large_image","twitter_misc":{"Tempo estimado de leitura":"1 minuto"},"schema":{"@context":"https:\/\/schema.org","@graph":[{"@type":"WebPage","@id":"https:\/\/xflsrmolding.com\/contact\/","url":"https:\/\/xflsrmolding.com\/contact\/","name":"Contacto - xflsrmolding.com","isPartOf":{"@id":"https:\/\/xflsrmolding.com\/#website"},"primaryImageOfPage":{"@id":"https:\/\/xflsrmolding.com\/contact\/#primaryimage"},"image":{"@id":"https:\/\/xflsrmolding.com\/contact\/#primaryimage"},"thumbnailUrl":"https:\/\/xflsrmolding.com\/wp-content\/uploads\/2025\/12\/under-cuts.jpg","datePublished":"2025-12-30T07:37:47+00:00","dateModified":"2026-01-23T03:20:36+00:00","breadcrumb":{"@id":"https:\/\/xflsrmolding.com\/contact\/#breadcrumb"},"inLanguage":"pt-PT","potentialAction":[{"@type":"ReadAction","target":["https:\/\/xflsrmolding.com\/contact\/"]}]},{"@type":"ImageObject","inLanguage":"pt-PT","@id":"https:\/\/xflsrmolding.com\/contact\/#primaryimage","url":"https:\/\/xflsrmolding.com\/wp-content\/uploads\/2025\/12\/under-cuts.jpg","contentUrl":"https:\/\/xflsrmolding.com\/wp-content\/uploads\/2025\/12\/under-cuts.jpg","width":1080,"height":607,"caption":"Bellows & Undercut Components"},{"@type":"BreadcrumbList","@id":"https:\/\/xflsrmolding.com\/contact\/#breadcrumb","itemListElement":[{"@type":"ListItem","position":1,"name":"Home","item":"https:\/\/xflsrmolding.com\/"},{"@type":"ListItem","position":2,"name":"Contact"}]},{"@type":"WebSite","@id":"https:\/\/xflsrmolding.com\/#website","url":"https:\/\/xflsrmolding.com\/","name":"xflsrmolding.com","description":"XUFU - empresa profissional de moldagem por inje\u00e7\u00e3o de borracha de silicone l\u00edquido","publisher":{"@id":"https:\/\/xflsrmolding.com\/#organization"},"potentialAction":[{"@type":"SearchAction","target":{"@type":"EntryPoint","urlTemplate":"https:\/\/xflsrmolding.com\/?s={search_term_string}"},"query-input":{"@type":"PropertyValueSpecification","valueRequired":true,"valueName":"search_term_string"}}],"inLanguage":"pt-PT"},{"@type":"Organization","@id":"https:\/\/xflsrmolding.com\/#organization","name":"xflsrmolding.com","url":"https:\/\/xflsrmolding.com\/","logo":{"@type":"ImageObject","inLanguage":"pt-PT","@id":"https:\/\/xflsrmolding.com\/#\/schema\/logo\/image\/","url":"https:\/\/xflsrmolding.com\/wp-content\/uploads\/2025\/10\/\u5fae\u4fe1\u56fe\u7247_20251124161023.png","contentUrl":"https:\/\/xflsrmolding.com\/wp-content\/uploads\/2025\/10\/\u5fae\u4fe1\u56fe\u7247_20251124161023.png","width":1328,"height":1328,"caption":"xflsrmolding.com"},"image":{"@id":"https:\/\/xflsrmolding.com\/#\/schema\/logo\/image\/"}}]}},"_hostinger_reach_plugin_has_subscription_block":false,"_hostinger_reach_plugin_is_elementor":false,"uagb_featured_image_src":{"full":["https:\/\/xflsrmolding.com\/wp-content\/uploads\/2025\/12\/under-cuts.jpg",1080,607,false],"thumbnail":["https:\/\/xflsrmolding.com\/wp-content\/uploads\/2025\/12\/under-cuts-150x150.jpg",150,150,true],"medium":["https:\/\/xflsrmolding.com\/wp-content\/uploads\/2025\/12\/under-cuts-300x169.jpg",300,169,true],"medium_large":["https:\/\/xflsrmolding.com\/wp-content\/uploads\/2025\/12\/under-cuts-768x432.jpg",768,432,true],"large":["https:\/\/xflsrmolding.com\/wp-content\/uploads\/2025\/12\/under-cuts-1024x576.jpg",800,450,true],"1536x1536":["https:\/\/xflsrmolding.com\/wp-content\/uploads\/2025\/12\/under-cuts.jpg",1080,607,false],"2048x2048":["https:\/\/xflsrmolding.com\/wp-content\/uploads\/2025\/12\/under-cuts.jpg",1080,607,false],"trp-custom-language-flag":["https:\/\/xflsrmolding.com\/wp-content\/uploads\/2025\/12\/under-cuts.jpg",18,10,false]},"uagb_author_info":{"display_name":"fuxu2565@gmail.com","author_link":"https:\/\/xflsrmolding.com\/pt\/author\/fuxu2565gmail-com\/"},"uagb_comment_info":0,"uagb_excerpt":"Contact US Home Contact US XFLSRMOLDING Co., Ltd Over 20 years of experience in liquid silicone mold design and manufacturingAdvanced production equipment, high-quality materials, a professional team, and strict quality management Address: No. 3, 1st Industrial Area, Youyi Road, Tianxin Community, Qiaotou Town, Dongguan, Guangdong, China Phone: 0086-188-1364-6261 Email: info@xflsrmolding.com Whatsapp: WA Me","_links":{"self":[{"href":"https:\/\/xflsrmolding.com\/pt\/wp-json\/wp\/v2\/pages\/746","targetHints":{"allow":["GET"]}}],"collection":[{"href":"https:\/\/xflsrmolding.com\/pt\/wp-json\/wp\/v2\/pages"}],"about":[{"href":"https:\/\/xflsrmolding.com\/pt\/wp-json\/wp\/v2\/types\/page"}],"author":[{"embeddable":true,"href":"https:\/\/xflsrmolding.com\/pt\/wp-json\/wp\/v2\/users\/1"}],"replies":[{"embeddable":true,"href":"https:\/\/xflsrmolding.com\/pt\/wp-json\/wp\/v2\/comments?post=746"}],"version-history":[{"count":19,"href":"https:\/\/xflsrmolding.com\/pt\/wp-json\/wp\/v2\/pages\/746\/revisions"}],"predecessor-version":[{"id":996,"href":"https:\/\/xflsrmolding.com\/pt\/wp-json\/wp\/v2\/pages\/746\/revisions\/996"}],"wp:featuredmedia":[{"embeddable":true,"href":"https:\/\/xflsrmolding.com\/pt\/wp-json\/wp\/v2\/media\/629"}],"wp:attachment":[{"href":"https:\/\/xflsrmolding.com\/pt\/wp-json\/wp\/v2\/media?parent=746"}],"curies":[{"name":"wp","href":"https:\/\/api.w.org\/{rel}","templated":true}]}}